{"id":39913,"date":"2025-03-08T21:33:25","date_gmt":"2025-03-08T20:33:25","guid":{"rendered":"https:\/\/marbella-wedding.com\/?page_id=42115"},"modified":"2025-03-08T23:20:11","modified_gmt":"2025-03-08T22:20:11","slug":"bodas-en-malaga-2","status":"publish","type":"page","link":"https:\/\/marbella-wedding.com\/es\/bodas-en-malaga-2\/","title":{"rendered":"Bodas en M\u00e1laga"},"content":{"rendered":"\n<section data-scroll-section  class=\"py-20 overflow-hidden\">\n    <div class=\"container\">\n        \n\r\n<div class=\"row gy-5 gx-10\" >\r\n    \n\r\n<div class='col-lg-5 d-flex flex-column justify-content-center' >\r\n    \n\n<h1 class=\"wp-block-heading title--large fw-light fst-italic\">Bodas en M\u00e1laga<\/h1>\n\n\n\n<p>En <em>Marbella Wedding<\/em>, nos enorgullecemos de ser tus <strong>organizadores de bodas en M\u00e1laga<\/strong>. Con nuestra experiencia y atenci\u00f3n al detalle, garantizamos que cada aspecto de tu d\u00eda especial est\u00e9 perfectamente organizado.<\/p>\n\n\n\n<hr class=\"wp-block-separator has-alpha-channel-opacity my-4\"\/>\n\n\n\n<ul class=\"wp-block-list list-style-circle mb-0\">\n<li>Conexiones locales privilegiadas \u2705<\/li>\n\n\n\n<li>Toque sofisticado \u2705<\/li>\n\n\n\n<li>Soporte multiling\u00fce \u2705<\/li>\n<\/ul>\n\n\r\n<\/div>\r\n\n\n\r\n<div class='col' >\r\n    \n\r\n<div class='overflow-hidden' >\r\n    \n\r\n            <img decoding=\"async\" class=\"img-fluid\r\nscale-120\r\nratio-4x3\r\nobject-fit-cover\" data-scroll-speed=\"-1.5\" alt=\"Accommodation For Your Wedding Guests\" src=\"https:\/\/marbella-wedding.com\/es\/wp-content\/uploads\/2022\/12\/15Archivo-marbella-wedding-venue-golf-resort-spa-1-1536x1536-1.jpg\" width=\"1536\" height=\"1536\" data-scroll data-scroll-repeat title=\"\">\r\n    \n\r\n<\/div>\r\n\n\r\n<\/div>\r\n\n\r\n<\/div>\n\n    <\/div>\n<\/section>\n\n\n<section data-scroll-section  class=\"mb-20 py-20 overflow-hidden bg-primary-light\">\n    <div class=\"container\">\n        \n\n<h2 class=\"wp-block-heading title--large-2 fw-light fst-italic mb-3\"><strong>Nos encanta ser organizadores de bodas en M\u00e1laga<\/strong><\/h2>\n\n\n\n<p>Nuestra pasi\u00f3n por crear bodas inolvidables en <em>M\u00e1laga<\/em> impulsa todo lo que hacemos. Desde conceptualizar temas \u00fanicos hasta coordinar una log\u00edstica impecable, estamos comprometidos a superar tus expectativas.<\/p>\n\n\n\n<hr class=\"wp-block-separator has-alpha-channel-opacity my-7\"\/>\n\n\n\r\n<div class=\"row gy-5 gx-10\" >\r\n    \n\r\n<div class='col-lg-4' >\r\n    \n\r\n            <img decoding=\"async\" class=\"img-fluid\r\nratio-16x9\r\nobject-fit-cover\r\nmb-35\" src=\"https:\/\/marbella-wedding.com\/es\/wp-content\/uploads\/2023\/10\/Destination-wedding-in-Spain-Anantara-Villa-Padierna-Palace-www.marbella-wedding.com28-683x1024.jpg\" width=\"640\" height=\"960\" alt=\"\" title=\"\">\r\n    \n\n\n<h3 class=\"wp-block-heading mb-35 font--body p--extra-large fw-normal\">Planificaci\u00f3n completa de bodas<\/h3>\n\n\n\n<p>Deja atr\u00e1s el estr\u00e9s de la planificaci\u00f3n de la boda y conf\u00eda tu visi\u00f3n a nosotros. Nuestro servicio de planificaci\u00f3n completa cubre todos los aspectos, desde la selecci\u00f3n del lugar y la decoraci\u00f3n hasta el catering y el entretenimiento, garantizando una celebraci\u00f3n verdaderamente m\u00e1gica.<\/p>\n\n\r\n<\/div>\r\n\n\n\r\n<div class='col-lg-4' >\r\n    \n\r\n            <img decoding=\"async\" class=\"img-fluid\r\nratio-16x9\r\nobject-fit-cover\r\nmb-35\" src=\"https:\/\/marbella-wedding.com\/es\/wp-content\/uploads\/2024\/05\/stunning-locations-1024x683.jpg\" width=\"640\" height=\"427\" alt=\"\" title=\"\">\r\n    \n\n\n<h3 class=\"wp-block-heading mb-35 font--body p--extra-large fw-normal\">Proveedores exclusivos para bodas<\/h3>\n\n\n\n<p>Colaboramos con una selecta red de proveedores de primer nivel para ofrecerte opciones exclusivas para el d\u00eda de tu boda. Desde floristas y fot\u00f3grafos hasta m\u00fasicos y estilistas, solo trabajamos con los mejores del sector para garantizar una calidad inigualable.<\/p>\n\n\r\n<\/div>\r\n\n\n\r\n<div class='col-lg-4' >\r\n    \n\r\n            <img decoding=\"async\" class=\"img-fluid\r\nratio-16x9\r\nobject-fit-cover\r\nmb-35\" src=\"https:\/\/marbella-wedding.com\/es\/wp-content\/uploads\/2024\/05\/exclusive-suppliers.jpg\" width=\"640\" height=\"358\" alt=\"\" title=\"\">\r\n    \n\n\n<h3 class=\"wp-block-heading mb-35 font--body p--extra-large fw-normal\">Ubicaciones impresionantes<\/h3>\n\n\n\n<p>Sum\u00e9rgete en la belleza de los impresionantes paisajes y encantadores lugares de <em>M\u00e1laga<\/em>. Ya sea que sue\u00f1es con una ceremonia frente al mar en la <em>Playa de la Malagueta<\/em> o en un entorno hist\u00f3rico como la <em>Alcazaba de M\u00e1laga<\/em>, te ayudaremos a descubrir el escenario perfecto para tu historia de amor.<\/p>\n\n\r\n<\/div>\r\n\n\r\n<\/div>\n\n    <\/div>\n<\/section>\n\n\n<section data-scroll-section  class=\"mb-10 overflow-hidden\">\n    <div class=\"container\">\n        \n\r\n<div class=\"row gy-5 gx-10 flex-md-row-reverse\" >\r\n    \n\r\n<div class='col-lg-6 d-flex flex-column align-items-start justify-content-center' >\r\n    \n\n<h3 class=\"wp-block-heading title--regular-2 fw-light fst-italic mb-3\">Lugares para bodas en M\u00e1laga<\/h3>\n\n\n\n<p>Explora nuestra selecci\u00f3n de lugares para bodas en <em>M\u00e1laga<\/em>, cada uno con su propio encanto y atractivo \u00fanicos. Desde lujosos resorts como el <em>Palacio Limonar<\/em> hasta villas \u00edntimas como el <em>Molino del Duque<\/em>, te ayudaremos a encontrar el entorno ideal para decir \u00abs\u00ed, quiero\u00bb.<\/p>\n\n\n\n<div style=\"height:58px\" aria-hidden=\"true\" class=\"wp-block-spacer\"><\/div>\n\n\n\r\n<div class='d-flex align-items-center gap-35 mb-4' >\r\n    \n\r\n            <img decoding=\"async\" class=\"img-fluid\r\nratio-1\r\nobject-fit-cover\r\nrounded-circle\r\nmw-120\" src=\"https:\/\/marbella-wedding.com\/es\/wp-content\/uploads\/2024\/05\/sarina-hayon-150x150.jpeg\" width=\"150\" height=\"150\" alt=\"\" title=\"\">\r\n    \n\n\r\n<div  >\r\n    \n\n<p class=\"fst-italic mb-0\">\u00ab<em>Lili fue mi Hada Madrina, es la mejor organizadora de bodas del mundo.<\/em>\u00ab<\/p>\n\n\n\n<p class=\"fw-bolder\">Sarina Hayon<\/p>\n\n\r\n<\/div>\r\n\n\r\n<\/div>\r\n\n\n\r\n\r\n\r\n    \r\n    \r\n        <a  \r\n            href='\/es\/lugares-de-bodas-en-marbella-malaga\/'                        class='btn-mw'                    >\r\n            Ver lugares        <\/a>\r\n\r\n    \r\n\n\r\n<\/div>\r\n\n\n\r\n<div class='col' >\r\n    \n\r\n<div class='overflow-hidden' >\r\n    \n\r\n            <img decoding=\"async\" class=\"img-fluid\r\nscale-120\r\nratio-3x4\r\nobject-fit-cover\" data-scroll-speed=\"-1.5\" src=\"https:\/\/marbella-wedding.com\/es\/wp-content\/uploads\/2023\/10\/Destination-wedding-in-Spain-Anantara-Villa-Padierna-Palace-www.marbella-wedding.com1_.jpg\" width=\"1064\" height=\"1600\" data-scroll data-scroll-repeat alt=\"\" title=\"\">\r\n    \n\r\n<\/div>\r\n\n\r\n<\/div>\r\n\n\r\n<\/div>\n\n    <\/div>\n<\/section>\n\n\n<section data-scroll-section  class=\"mb-20 overflow-hidden\">\n    <div class=\"container\">\n        \n\r\n<div class=\"row gy-5 gx-10\" >\r\n    \n\r\n<div class='col-lg-6 d-flex flex-column align-items-start justify-content-center' >\r\n    \n\n<h3 class=\"wp-block-heading title--regular-2 fw-light fst-italic mb-3\">Nuestros servicios<\/h3>\n\n\n\n<p>Descubre la variedad de servicios que ofrece <em>Marbella Weddings<\/em>, dise\u00f1ados para hacer que tu experiencia de planificaci\u00f3n de bodas sea fluida y sin estr\u00e9s. Desde la b\u00fasqueda del destino hasta la coordinaci\u00f3n del d\u00eda de la boda, estamos aqu\u00ed para hacer realidad tu visi\u00f3n.<\/p>\n\n\n\r\n\r\n\r\n    \r\n    \r\n        <a  \r\n            href='\/es\/servicios-de-boda-en-espana\/'                        class='btn-mw'                    >\r\n            Ver servicios        <\/a>\r\n\r\n    \r\n\n\r\n<\/div>\r\n\n\n\r\n<div class='col' >\r\n    \n\r\n<div class='overflow-hidden' >\r\n    \n\r\n            <img decoding=\"async\" class=\"img-fluid\r\nscale-120\r\nratio-3x4\r\nobject-fit-cover\" data-scroll-speed=\"-1.5\" src=\"https:\/\/marbella-wedding.com\/es\/wp-content\/uploads\/2024\/05\/our-services-1.jpg\" width=\"589\" height=\"886\" data-scroll data-scroll-repeat alt=\"\" title=\"\">\r\n    \n\r\n<\/div>\r\n\n\r\n<\/div>\r\n\n\r\n<\/div>\n\n    <\/div>\n<\/section>\n\n\n<section data-scroll-section  class=\"py-20 overflow-hidden bg-primary-light\">\n    <div class=\"container\">\n        \n\n<h2 class=\"wp-block-heading title--large-2 fw-light fst-italic mb-3\">Bodas reales en M\u00e1laga<\/h2>\n\n\n\n<p>Insp\u00edrate con bodas reales que hemos tenido el honor de planificar en <em>M\u00e1laga<\/em>. Explora nuestro portfolio de eventos anteriores en lugares emblem\u00e1ticos como el <em>Castillo de Gibralfaro<\/em> y la <em>Catedral de M\u00e1laga<\/em>, y visualiza las posibilidades para tu propia boda de ensue\u00f1o.<\/p>\n\n\n\n<hr class=\"wp-block-separator has-alpha-channel-opacity my-7\"\/>\n\n\n\r\n<div class=\"row gy-5 gx-10\" >\r\n    \n\r\n<div class='col-lg-4' >\r\n    \n\r\n            <img decoding=\"async\" class=\"img-fluid\r\nratio-16x9\r\nobject-fit-cover\r\nmb-35\" src=\"https:\/\/marbella-wedding.com\/es\/wp-content\/uploads\/2024\/05\/spanish-charm.jpeg\" width=\"640\" height=\"428\" alt=\"\" title=\"\">\r\n    \n\n\n<h3 class=\"wp-block-heading mb-35 font--body p--extra-large fw-normal\">Encanto espa\u00f1ol<\/h3>\n\n\n\n<p class=\"mb-0\">Impregna tu historia de amor con el encanto atemporal del <strong>Encanto Espa\u00f1ol<\/strong>. Pasea por callejuelas ba\u00f1adas por el sol, bajo buganvillas en cascada, hacia una celebraci\u00f3n tan vibrante como el giro de una bailaora de flamenco. Desde los antiguos muros de piedra de hist\u00f3ricas haciendas hasta el aroma de los azahares en el aire, deja que vuestros corazones bailen al ritmo del romance espa\u00f1ol.<\/p>\n\n\r\n<\/div>\r\n\n\n\r\n<div class='col-lg-4' >\r\n    \n\r\n            <img decoding=\"async\" class=\"img-fluid\r\nratio-16x9\r\nobject-fit-cover\r\nmb-35\" src=\"https:\/\/marbella-wedding.com\/es\/wp-content\/uploads\/2024\/05\/rustic-romance.jpeg\" width=\"640\" height=\"427\" alt=\"\" title=\"\">\r\n    \n\n\n<h3 class=\"wp-block-heading mb-35 font--body p--extra-large fw-normal\">Romance r\u00fastico<\/h3>\n\n\n\n<p class=\"mb-0\">Descubre la poes\u00eda de la simplicidad y la belleza de la imperfecci\u00f3n con nuestro estilo de boda <strong>Romance R\u00fastico<\/strong>. Entre los suaves susurros de los imponentes robles y el suave resplandor de las luces de hadas centelleantes, emb\u00e1rcate en un viaje donde cada detalle cuenta una historia. Con graneros desgastados como tel\u00f3n de fondo y el abrazo de la naturaleza como testigo, deja que tu amor florezca en el esplendor r\u00fastico del campo.<\/p>\n\n\r\n<\/div>\r\n\n\n\r\n<div class='col-lg-4' >\r\n    \n\r\n            <img decoding=\"async\" class=\"img-fluid\r\nratio-16x9\r\nobject-fit-cover\r\nmb-35\" src=\"https:\/\/marbella-wedding.com\/es\/wp-content\/uploads\/2024\/05\/boho-style.jpeg\" width=\"640\" height=\"444\" alt=\"\" title=\"\">\r\n    \n\n\n<h3 class=\"wp-block-heading mb-35 font--body p--extra-large fw-normal\">Boda Boho<\/h3>\n\n\n\n<p class=\"mb-0\">Deja que las olas canten a tu amor mientras dices \u00abs\u00ed, quiero\u00bb en una <strong>Boda Boho en la playa<\/strong>. Siente la suave arena entre los dedos de tus pies y la brisa del oc\u00e9ano en tu pelo mientras intercambias votos bajo un dosel de telas ondulantes y macram\u00e9 caprichoso. Con el sol pintando el cielo en tonos de rosa y oro, entr\u00e9gate a la magia bohemia del amor junto al mar.<\/p>\n\n\r\n<\/div>\r\n\n\r\n<\/div>\n\n\r\n<div class='mt-10 text-end' >\r\n    \n\r\n\r\n\r\n    \r\n    \r\n        <a  \r\n            href='\/es\/estilos-de-boda-en-espana\/'                        class='btn-mw'                    >\r\n            Ver bodas reales        <\/a>\r\n\r\n    \r\n\n\r\n<\/div>\r\n\n\n    <\/div>\n<\/section>\n\n\n\n    <h2>\n            <\/h2>\n\n\n\n<section data-scroll-section  class=\"mb-11 py-11 overflow-hidden bg-light\">\n    <div class=\"container\">\n        \n\n<h2 class=\"wp-block-heading title--large-2 fw-light fst-italic mb-5\">Planifica tu pr\u00f3xima boda en M\u00e1laga con la ayuda de nuestros art\u00edculos del blog<\/h2>\n\n\n\r\n<div class=\"row gy-5 gx-10\" >\r\n    \n\r\n<div class='col-lg-6' >\r\n    \n\n<p class=\"mw-500\">Explora nuestro blog para encontrar art\u00edculos informativos, consejos de expertos e inspiraci\u00f3n que te ayuden a planificar la boda perfecta en <em>M\u00e1laga<\/em>. Desde gu\u00edas de destino con joyas ocultas como <em>Muelle Uno<\/em> hasta previsiones de tendencias para moda nupcial, estamos aqu\u00ed para apoyarte en cada paso del camino.<\/p>\n\n\r\n<\/div>\r\n\n\n\r\n<div class='col' >\r\n    \n\n<h4 class=\"wp-block-heading font--body fw-light mb-3\">\u00daltimos art\u00edculos<\/h4>\n\n\n<ul class=\"wp-block-latest-posts__list list-style-circle wp-block-latest-posts\"><li><a class=\"wp-block-latest-posts__post-title\" href=\"https:\/\/marbella-wedding.com\/es\/cantantes-de-espana-boda-musica-espanola\/\">Cantantes de Espa\u00f1a: Celebra Tu Boda con M\u00fasica Espa\u00f1ola<\/a><\/li>\n<li><a class=\"wp-block-latest-posts__post-title\" href=\"https:\/\/marbella-wedding.com\/es\/guitarrista-espanol-para-bodas-de-destino\/\">Guitarrista espa\u00f1ol para bodas de destino: a\u00f1adiendo un toque cultural<\/a><\/li>\n<li><a class=\"wp-block-latest-posts__post-title\" href=\"https:\/\/marbella-wedding.com\/es\/5-cualidades-en-un-cantante-de-bodas\/\"><h1>Las 5 Principales Cualidades que Buscar en un Cantante de Bodas<\/h1><\/a><\/li>\n<li><a class=\"wp-block-latest-posts__post-title\" href=\"https:\/\/marbella-wedding.com\/es\/destino-de-boda-en-lago-de-como-italia\/\"><h1>Boda en Lago de Como: El Encanto del Destino de Bodas M\u00e1s Pintoresco de Italia<\/h1><\/a><\/li>\n<\/ul>\n\r\n<\/div>\r\n\n\r\n<\/div>\n\n    <\/div>\n<\/section>\n\n\n\n    <h2>\n            <\/h2>\n\n\n\n    <h2>\n            <\/h2>\n","protected":false},"excerpt":{"rendered":"","protected":false},"author":1,"featured_media":39914,"parent":0,"menu_order":0,"comment_status":"closed","ping_status":"closed","template":"","meta":{"footnotes":""},"class_list":["post-39913","page","type-page","status-publish","has-post-thumbnail","hentry"],"_links":{"self":[{"href":"https:\/\/marbella-wedding.com\/es\/wp-json\/wp\/v2\/pages\/39913","targetHints":{"allow":["GET"]}}],"collection":[{"href":"https:\/\/marbella-wedding.com\/es\/wp-json\/wp\/v2\/pages"}],"about":[{"href":"https:\/\/marbella-wedding.com\/es\/wp-json\/wp\/v2\/types\/page"}],"author":[{"embeddable":true,"href":"https:\/\/marbella-wedding.com\/es\/wp-json\/wp\/v2\/users\/1"}],"replies":[{"embeddable":true,"href":"https:\/\/marbella-wedding.com\/es\/wp-json\/wp\/v2\/comments?post=39913"}],"version-history":[{"count":10,"href":"https:\/\/marbella-wedding.com\/es\/wp-json\/wp\/v2\/pages\/39913\/revisions"}],"predecessor-version":[{"id":40180,"href":"https:\/\/marbella-wedding.com\/es\/wp-json\/wp\/v2\/pages\/39913\/revisions\/40180"}],"wp:featuredmedia":[{"embeddable":true,"href":"https:\/\/marbella-wedding.com\/es\/wp-json\/wp\/v2\/media\/39914"}],"wp:attachment":[{"href":"https:\/\/marbella-wedding.com\/es\/wp-json\/wp\/v2\/media?parent=39913"}],"curies":[{"name":"wp","href":"https:\/\/api.w.org\/{rel}","templated":true}]}}