{"id":39928,"date":"2025-03-08T22:14:55","date_gmt":"2025-03-08T21:14:55","guid":{"rendered":"https:\/\/marbella-wedding.com\/?page_id=42119"},"modified":"2025-03-08T23:18:55","modified_gmt":"2025-03-08T22:18:55","slug":"bodas-en-espana","status":"publish","type":"page","link":"https:\/\/marbella-wedding.com\/es\/bodas-en-espana\/","title":{"rendered":"Bodas en Espa\u00f1a"},"content":{"rendered":"\n<section data-scroll-section  class=\"py-20 overflow-hidden\">\n    <div class=\"container\">\n        \n\r\n<div class=\"row gy-5 gx-10\" >\r\n    \n\r\n<div class='col-lg-5 d-flex flex-column justify-content-center' >\r\n    \n\n<h1 class=\"wp-block-heading title--large fw-light fst-italic\">Bodas en Espa\u00f1a<\/h1>\n\n\n\n<h2 class=\"wp-block-heading font--body fw-light mb-3 has-medium-font-size\">Te ayudamos a planificar la boda de tus sue\u00f1os en los paisajes m\u00e1s pintorescos de Espa\u00f1a.<\/h2>\n\n\n\n<hr class=\"wp-block-separator has-alpha-channel-opacity my-7\"\/>\n\n\n\n<ul class=\"wp-block-list list-style-circle mb-0\">\n<li>Conexiones locales privilegiadas \u2705<\/li>\n\n\n\n<li>Experiencia en bodas de lujo \u2705<\/li>\n\n\n\n<li>Asistencia multiling\u00fce \u2705<\/li>\n<\/ul>\n\n\r\n<\/div>\r\n\n\n\r\n<div class='col' >\r\n    \n\r\n<div class='overflow-hidden' >\r\n    \n\r\n            <img decoding=\"async\" class=\"img-fluid\r\nscale-120\r\nratio-4x3\r\nobject-fit-cover\" data-scroll-speed=\"-1.5\" alt=\"Accommodation For Your Wedding Guests\" src=\"https:\/\/marbella-wedding.com\/es\/wp-content\/uploads\/2022\/12\/15Archivo-marbella-wedding-venue-golf-resort-spa-1-1536x1536-1.jpg\" width=\"1536\" height=\"1536\" data-scroll data-scroll-repeat title=\"\">\r\n    \n\r\n<\/div>\r\n\n\r\n<\/div>\r\n\n\r\n<\/div>\n\n    <\/div>\n<\/section>\n\n\n\n    <h2>\n        home-fourth    <\/h2>\n\n\n\n<section data-scroll-section  class=\"mb-20 py-20 overflow-hidden bg-primary-light\">\n    <div class=\"container\">\n        \n\n<h2 class=\"wp-block-heading title--large-2 fw-light fst-italic mb-3\">Tu experta organizadora de bodas de destino en Espa\u00f1a<\/h2>\n\n\n\n<p class=\"mb-0 mw-500\">En Marbella Weddings, nos enorgullecemos de ser tus expertas en la planificaci\u00f3n de bodas de destino en Espa\u00f1a. Con a\u00f1os de experiencia y un profundo conocimiento de la cultura y los lugares locales, nos especializamos en crear bodas a medida tan \u00fanicas como cada pareja.<\/p>\n\n\n\n<hr class=\"wp-block-separator has-alpha-channel-opacity my-7\"\/>\n\n\n\r\n<div class=\"row gy-5 gx-10\" >\r\n    \n\r\n<div class='col-lg-4' >\r\n    \n\n<figure class=\"wp-block-image size-full\"><img decoding=\"async\" src=\"https:\/\/marbella-wedding.com\/wp-content\/uploads\/2024\/05\/2884793_love_love-letter_valentines-day_wedding_icon-1.png\" alt=\"\" class=\"wp-image-39797\" title=\"\"><\/figure>\n\n\n\n<h3 class=\"wp-block-heading mb-35 font--body p--extra-large fw-normal\">Planificaci\u00f3n de Eventos<\/h3>\n\n\n\n<p class=\"mb-0\">Desde el principio, coordinamos todo: la reserva, la fecha, el lugar y la organizaci\u00f3n del cronograma del gran d\u00eda. Nuestros servicios incluyen asistencia y orientaci\u00f3n en todo el proceso para convertir tu boda en una experiencia de ensue\u00f1o.<\/p>\n\n\r\n<\/div>\r\n\n\n\r\n<div class='col-lg-4' >\r\n    \n\n<figure class=\"wp-block-image size-full\"><img decoding=\"async\" src=\"https:\/\/marbella-wedding.com\/wp-content\/uploads\/2024\/05\/2884797_church_love_wedding_icon.png\" alt=\"\" class=\"wp-image-39798\" title=\"\"><\/figure>\n\n\n\n<h3 class=\"wp-block-heading mb-35 font--body p--extra-large fw-normal\">Proveedores para Bodas en Espa\u00f1a<\/h3>\n\n\n\n<p class=\"mb-0\">Con m\u00e1s de 8 a\u00f1os organizando bodas en Espa\u00f1a, podemos recomendarte los mejores proveedores y lugares m\u00e1s prestigiosos. Nuestro cat\u00e1logo exclusivo est\u00e1 a tu disposici\u00f3n.<\/p>\n\n\r\n<\/div>\r\n\n\n\r\n<div class='col-lg-4' >\r\n    \n\n<figure class=\"wp-block-image size-full\"><img decoding=\"async\" src=\"https:\/\/marbella-wedding.com\/wp-content\/uploads\/2024\/05\/2884800_love_valentines-day_wedding_wedding-arch_icon.png\" alt=\"\" class=\"wp-image-39799\" title=\"\"><\/figure>\n\n\n\n<h3 class=\"wp-block-heading mb-35 font--body p--extra-large fw-normal\">Dise\u00f1o de Bodas<\/h3>\n\n\n\n<p class=\"mb-0\">Nos inspiramos en nuestros clientes, sus opiniones y comentarios para dise\u00f1ar bodas personalizadas con estilo y originalidad. Nos especializamos en bodas tem\u00e1ticas adaptadas a cada pareja, ya sea que tengas solo una idea vaga o un plan detallado.<\/p>\n\n\r\n<\/div>\r\n\n\r\n<\/div>\n\n    <\/div>\n<\/section>\n\n\n<section data-scroll-section  class=\"mb-10 overflow-hidden\">\n    <div class=\"container\">\n        \n\r\n<div class=\"row gy-5 gx-10 flex-md-row-reverse\" >\r\n    \n\r\n<div class='col-lg-6 d-flex flex-column align-items-start justify-content-center' >\r\n    \n\n<h4 class=\"wp-block-heading title--regular-2 fw-light fst-italic mb-3\">Villas<\/h4>\n\n\n\n<p class=\"mb-4 mw-400\">Elige entre una selecci\u00f3n de impresionantes villas que ofrecen privacidad, exclusividad y elegancia, perfectas para celebraciones con gran estilo.<\/p>\n\n\r\n<\/div>\r\n\n\n\r\n<div class='col' >\r\n    \n\r\n<div class='overflow-hidden' >\r\n    \n\r\n            <img decoding=\"async\" class=\"img-fluid\r\nscale-120\r\nratio-3x4\r\nobject-fit-cover\" data-scroll-speed=\"-1.5\" src=\"https:\/\/marbella-wedding.com\/es\/wp-content\/uploads\/2024\/05\/villas-weddings-in-spain.jpg\" width=\"1064\" height=\"1600\" data-scroll data-scroll-repeat alt=\"\" title=\"\">\r\n    \n\r\n<\/div>\r\n\n\r\n<\/div>\r\n\n\r\n<\/div>\n\n    <\/div>\n<\/section>\n\n\n<section data-scroll-section  class=\"mb-10 overflow-hidden\">\n    <div class=\"container\">\n        \n\r\n<div class=\"row gy-5 gx-10\" >\r\n    \n\r\n<div class='col-lg-6 d-flex flex-column align-items-start justify-content-center' >\r\n    \n\n<h4 class=\"wp-block-heading title--regular-2 fw-light fst-italic mb-3\">Playas<\/h4>\n\n\n\n<p class=\"mb-4 mw-400\">Imagina intercambiar votos con la arena bajo tus pies y el sonido de las olas de fondo. Nuestras ubicaciones en la playa crean el escenario m\u00e1gico ideal para una ceremonia junto al mar.<\/p>\n\n\r\n<\/div>\r\n\n\n\r\n<div class='col' >\r\n    \n\r\n<div class='overflow-hidden' >\r\n    \n\r\n            <img decoding=\"async\" class=\"img-fluid\r\nscale-120\r\nratio-3x4\r\nobject-fit-cover\" data-scroll-speed=\"-1.5\" src=\"https:\/\/marbella-wedding.com\/es\/wp-content\/uploads\/2024\/05\/beaches-weddings-in-spain.jpg\" width=\"1064\" height=\"1600\" data-scroll data-scroll-repeat alt=\"\" title=\"\">\r\n    \n\r\n<\/div>\r\n\n\r\n<\/div>\r\n\n\r\n<\/div>\n\n    <\/div>\n<\/section>\n\n\n<section data-scroll-section  class=\"mb-20 overflow-hidden\">\n    <div class=\"container\">\n        \n\r\n<div class=\"row gy-5 gx-10 flex-md-row-reverse\" >\r\n    \n\r\n<div class='col-lg-6 d-flex flex-column align-items-start justify-content-center' >\r\n    \n\n<h4 class=\"wp-block-heading title--regular-2 fw-light fst-italic mb-3\">Hoteles<\/h4>\n\n\n\n<p class=\"mb-4 mw-400\">Los hoteles de lujo en Espa\u00f1a son conocidos por su impecable servicio y hermosas instalaciones. Ofrecen paquetes de bodas completos que se adaptan a todas tus necesidades.<\/p>\n\n\r\n<\/div>\r\n\n\n\r\n<div class='col' >\r\n    \n\r\n<div class='overflow-hidden' >\r\n    \n\r\n            <img decoding=\"async\" class=\"img-fluid\r\nscale-120\r\nratio-3x4\r\nobject-fit-cover\" data-scroll-speed=\"-1.5\" src=\"https:\/\/marbella-wedding.com\/es\/wp-content\/uploads\/2023\/10\/Destination-wedding-in-Spain-Anantara-Villa-Padierna-Palace-www.marbella-wedding.com1_.jpg\" width=\"1064\" height=\"1600\" data-scroll data-scroll-repeat alt=\"\" title=\"\">\r\n    \n\r\n<\/div>\r\n\n\r\n<\/div>\r\n\n\r\n<\/div>\n\n    <\/div>\n<\/section>\n\n\n<section data-scroll-section  class=\"py-20 overflow-hidden bg-primary-light\">\n    <div class=\"container\">\n        \n\n<h2 class=\"wp-block-heading title--large-2 fw-light fst-italic mb-3 text-lg-end\">Encuentra el estilo perfecto para ti<\/h2>\n\n\n\n<hr class=\"wp-block-separator has-alpha-channel-opacity my-7\"\/>\n\n\n\r\n<div class=\"row gy-5 gx-10\" >\r\n    \n\r\n<div class='col-lg-4' >\r\n    \n\r\n            <img decoding=\"async\" class=\"img-fluid\r\nratio-16x9\r\nobject-fit-cover\r\nmb-35\" src=\"https:\/\/marbella-wedding.com\/es\/wp-content\/uploads\/2024\/02\/dd246cfc-500b-4764-95cd-55ea0a4de3e8-1024x683.jpg\" width=\"640\" height=\"427\" alt=\"\" title=\"\">\r\n    \n\n\n<h3 class=\"wp-block-heading mb-35 font--body p--extra-large fw-normal\">\u00cdntima<\/h3>\n\n\n\n<p class=\"mb-0\">Para quienes buscan una celebraci\u00f3n m\u00e1s personal, nos especializamos en crear ambientes \u00edntimos que sean elegantes y emotivos.<\/p>\n\n\r\n<\/div>\r\n\n\n\r\n<div class='col-lg-4' >\r\n    \n\r\n            <img decoding=\"async\" class=\"img-fluid\r\nratio-16x9\r\nobject-fit-cover\r\nmb-35\" src=\"https:\/\/marbella-wedding.com\/es\/wp-content\/uploads\/2024\/05\/luxury-wedding-marbella-weddings-1024x682.jpg\" width=\"640\" height=\"426\" alt=\"\" title=\"\">\r\n    \n\n\n<h3 class=\"wp-block-heading mb-35 font--body p--extra-large fw-normal\">Lujo<\/h3>\n\n\n\n<p class=\"mb-0\">Nuestras bodas de lujo est\u00e1n dise\u00f1adas para ofrecer esplendor y magnificencia, asegurando que cada momento de tu gran d\u00eda est\u00e9 impregnado de extravagancia.<\/p>\n\n\r\n<\/div>\r\n\n\n\r\n<div class='col-lg-4' >\r\n    \n\r\n            <img decoding=\"async\" class=\"img-fluid\r\nratio-16x9\r\nobject-fit-cover\r\nmb-35\" src=\"https:\/\/marbella-wedding.com\/es\/wp-content\/uploads\/2024\/05\/Destination-wedding-in-Spain-www.marbella-wedding.com19-scaled-1-1024x682.jpg\" width=\"640\" height=\"426\" alt=\"\" title=\"\">\r\n    \n\n\n<h3 class=\"wp-block-heading mb-35 font--body p--extra-large fw-normal\">Peque\u00f1a<\/h3>\n\n\n\n<p class=\"mb-0\">Las bodas peque\u00f1as pueden ser igualmente especiales y memorables, centr\u00e1ndose en los v\u00ednculos cercanos entre t\u00fa y tus seres queridos.<\/p>\n\n\r\n<\/div>\r\n\n\r\n<\/div>\n\n    <\/div>\n<\/section>\n\n\n\n    <h2>\n        about-contact    <\/h2>\n\n\n\n<section data-scroll-section  class=\"mb-11 py-11 overflow-hidden bg-light\">\n    <div class=\"container\">\n        \n\n<h2 class=\"wp-block-heading title--large-2 fw-light fst-italic mb-5\">C\u00e1sate en Espa\u00f1a con consejos de nuestro blog<\/h2>\n\n\n\r\n<div class=\"row gy-5 gx-10\" >\r\n    \n\r\n<div class='col-lg-6' >\r\n    \n\n<p class=\"mw-500\">Visita nuestro blog para obtener informaci\u00f3n y consejos sobre c\u00f3mo planificar tu boda ideal en Espa\u00f1a. Desde requisitos legales hasta consideraciones estacionales, cubrimos todo lo que necesitas saber.<\/p>\n\n\r\n<\/div>\r\n\n\n\r\n<div class='col' >\r\n    \n\n<h4 class=\"wp-block-heading font--body fw-light mb-3\">\u00daltimos art\u00edculos<\/h4>\n\n\n<ul class=\"wp-block-latest-posts__list list-style-circle wp-block-latest-posts\"><li><a class=\"wp-block-latest-posts__post-title\" href=\"https:\/\/marbella-wedding.com\/es\/evento-de-bodas-en-barcelona\/\">C\u00f3mo organizar su gran evento de bodas en Barcelona<\/a><\/li>\n<li><a class=\"wp-block-latest-posts__post-title\" href=\"https:\/\/marbella-wedding.com\/es\/lugares-exclusivos-para-bodas-en-ibiza\/\">Top 5: Lugares Exclusivos para Bodas en Ibiza<\/a><\/li>\n<li><a class=\"wp-block-latest-posts__post-title\" href=\"https:\/\/marbella-wedding.com\/es\/bodas-en-mallorca\/\">Planificaci\u00f3n de bodas: los 5 mejores lugares para bodas en Mallorca<\/a><\/li>\n<li><a class=\"wp-block-latest-posts__post-title\" href=\"https:\/\/marbella-wedding.com\/es\/alojamiento-para-invitados\/\">Alojamiento para Invitados<\/a><\/li>\n<\/ul>\n\r\n<\/div>\r\n\n\r\n<\/div>\n\n    <\/div>\n<\/section>\n\n\n\n    <h2>\n        home-sixth    <\/h2>\n","protected":false},"excerpt":{"rendered":"","protected":false},"author":1,"featured_media":39929,"parent":0,"menu_order":0,"comment_status":"closed","ping_status":"closed","template":"","meta":{"footnotes":""},"class_list":["post-39928","page","type-page","status-publish","has-post-thumbnail","hentry"],"_links":{"self":[{"href":"https:\/\/marbella-wedding.com\/es\/wp-json\/wp\/v2\/pages\/39928","targetHints":{"allow":["GET"]}}],"collection":[{"href":"https:\/\/marbella-wedding.com\/es\/wp-json\/wp\/v2\/pages"}],"about":[{"href":"https:\/\/marbella-wedding.com\/es\/wp-json\/wp\/v2\/types\/page"}],"author":[{"embeddable":true,"href":"https:\/\/marbella-wedding.com\/es\/wp-json\/wp\/v2\/users\/1"}],"replies":[{"embeddable":true,"href":"https:\/\/marbella-wedding.com\/es\/wp-json\/wp\/v2\/comments?post=39928"}],"version-history":[{"count":12,"href":"https:\/\/marbella-wedding.com\/es\/wp-json\/wp\/v2\/pages\/39928\/revisions"}],"predecessor-version":[{"id":39952,"href":"https:\/\/marbella-wedding.com\/es\/wp-json\/wp\/v2\/pages\/39928\/revisions\/39952"}],"wp:featuredmedia":[{"embeddable":true,"href":"https:\/\/marbella-wedding.com\/es\/wp-json\/wp\/v2\/media\/39929"}],"wp:attachment":[{"href":"https:\/\/marbella-wedding.com\/es\/wp-json\/wp\/v2\/media?parent=39928"}],"curies":[{"name":"wp","href":"https:\/\/api.w.org\/{rel}","templated":true}]}}