{"id":40126,"date":"2024-05-20T12:18:39","date_gmt":"2024-05-20T10:18:39","guid":{"rendered":"https:\/\/marbella-wedding.com\/?page_id=39887"},"modified":"2025-07-09T13:59:37","modified_gmt":"2025-07-09T11:59:37","slug":"lugares-boda-mijas","status":"publish","type":"page","link":"https:\/\/marbella-wedding.com\/es\/lugares-boda-mijas\/","title":{"rendered":"Lugares de boda en Mijas"},"content":{"rendered":"\n<section data-scroll-section  class=\"py-20 overflow-hidden\">\n    <div class=\"container\">\n        \n\r\n<div class=\"row gy-5 gx-10\" >\r\n    \n\r\n<div class='col-lg-6 d-flex flex-column justify-content-center' >\r\n    \n\n<h1 class=\"wp-block-heading title--large fw-light fst-italic\">Lugares para Celebrar una Boda en Mijas<\/h1>\n\n\n\n<h4 class=\"wp-block-heading font--body fw-light mb-3\">Donde tu Boda So\u00f1ada Cobra Vida en Mijas<\/h4>\n\n\n\n<div style=\"height:25px\" aria-hidden=\"true\" class=\"wp-block-spacer\"><\/div>\n\n\n\n<p>Bienvenido a <strong>Marbella Weddings<\/strong>, tu opci\u00f3n de referencia para organizar bodas de lujo en Mijas. Si est\u00e1s buscando los lugares ideales para casarte en Mijas, has llegado al sitio adecuado.<\/p>\n\n\n\n<p>Nuestro amplio cat\u00e1logo presenta los lugares m\u00e1s impresionantes de Mijas, garantizando que tu d\u00eda especial sea simplemente m\u00e1gico.<\/p>\n\n\n\n<div style=\"height:25px\" aria-hidden=\"true\" class=\"wp-block-spacer\"><\/div>\n\n\n\n<ul class=\"wp-block-list list-style-circle mb-0\">\n<li><strong>Experiencia y Profesionalidad \u2705<\/strong><\/li>\n\n\n\n<li><strong>Acceso Exclusivo a Espacios \u00danicos \u2705<\/strong><\/li>\n\n\n\n<li><strong>Servicios de Planificaci\u00f3n Personalizados \u2705<\/strong><\/li>\n<\/ul>\n\n\r\n<\/div>\r\n\n\n\r\n<div class='col' >\r\n    \n\r\n<div class='overflow-hidden' >\r\n    \n\r\n            <img decoding=\"async\" class=\"img-fluid\r\nscale-120\r\nratio-3x4\r\nobject-fit-cover\" data-scroll-speed=\"-1.5\" src=\"https:\/\/marbella-wedding.com\/es\/wp-content\/uploads\/2023\/08\/Destination-wedding-in-Spain-Anantara-Villa-Padierna-Palace-www.marbella-wedding.com8_-2-scaled.jpg\" width=\"1707\" height=\"2560\" data-scroll data-scroll-repeat alt=\"\" title=\"\">\r\n    \n\r\n<\/div>\r\n\n\r\n<\/div>\r\n\n\r\n<\/div>\n\n    <\/div>\n<\/section>\n\n\n\n    <h2>\n            <\/h2>\n\n\n    <h2>\n            <\/h2>\n\n\n\n\n    <h2>\n        home-fourth    <\/h2>\n\n\n\n<section data-scroll-section  class=\"pt-20 overflow-hidden\">\n    <div class=\"container\">\n        \n\r\n<div class=\"row gy-5 gx-10 flex-md-row-reverse\" >\r\n    \n\r\n<div class='col-lg-5 d-flex flex-column justify-content-center' >\r\n    \n\n<h4 class=\"wp-block-heading title--regular-2 fw-light fst-italic mb-3\">Resumen de Espacios para Bodas en Mijas<\/h4>\n\n\n\n<p>Los espacios para bodas en Mijas ofrecen una amplia variedad de opciones para adaptarse a la visi\u00f3n de cada pareja en su gran d\u00eda. Ya sea que busques una celebraci\u00f3n lujosa y grandiosa o una reuni\u00f3n peque\u00f1a e \u00edntima, Mijas tiene el lugar perfecto para ti. En <strong>Marbella Weddings<\/strong>, estamos para ayudarte a encontrar el sitio ideal y hacer realidad la boda de tus sue\u00f1os.<\/p>\n\n\r\n<\/div>\r\n\n\n\r\n<div class='col' >\r\n    \n\r\n<div class='overflow-hidden' >\r\n    \n\r\n            <img decoding=\"async\" class=\"img-fluid\r\nscale-120\r\nratio-4x3\r\nobject-fit-cover\" data-scroll-speed=\"-1.5\" src=\"https:\/\/marbella-wedding.com\/es\/wp-content\/uploads\/2023\/08\/Destination-wedding-in-Spain-Anantara-Villa-Padierna-Palace-www.marbella-wedding.com22-scaled.jpg\" width=\"2560\" height=\"1707\" data-scroll data-scroll-repeat alt=\"\" title=\"\">\r\n    \n\r\n<\/div>\r\n\n\r\n<\/div>\r\n\n\r\n<\/div>\n\n    <\/div>\n<\/section>\n\n\n\n    <h2>\n            <\/h2>\n\n\n\n<section data-scroll-section  class=\"mb-11\">\n    <div class=\"container\">\n        \n\n<p><\/p>\n\n\n\n<pre class=\"wp-block-code\"><code><\/code><\/pre>\n\n\n    <\/div>\n<\/section>\n\n\n\n    <h2>\n            <\/h2>\n\n\n\n<section data-scroll-section  class=\"mb-11\">\n    <div class=\"container\">\n        \n\n<p><\/p>\n\n\n\n<pre class=\"wp-block-code\"><code><\/code><\/pre>\n\n\n    <\/div>\n<\/section>","protected":false},"excerpt":{"rendered":"","protected":false},"author":4180,"featured_media":40127,"parent":0,"menu_order":0,"comment_status":"closed","ping_status":"closed","template":"landing-venues.php","meta":{"footnotes":""},"class_list":["post-40126","page","type-page","status-publish","has-post-thumbnail","hentry"],"_links":{"self":[{"href":"https:\/\/marbella-wedding.com\/es\/wp-json\/wp\/v2\/pages\/40126","targetHints":{"allow":["GET"]}}],"collection":[{"href":"https:\/\/marbella-wedding.com\/es\/wp-json\/wp\/v2\/pages"}],"about":[{"href":"https:\/\/marbella-wedding.com\/es\/wp-json\/wp\/v2\/types\/page"}],"author":[{"embeddable":true,"href":"https:\/\/marbella-wedding.com\/es\/wp-json\/wp\/v2\/users\/4180"}],"replies":[{"embeddable":true,"href":"https:\/\/marbella-wedding.com\/es\/wp-json\/wp\/v2\/comments?post=40126"}],"version-history":[{"count":7,"href":"https:\/\/marbella-wedding.com\/es\/wp-json\/wp\/v2\/pages\/40126\/revisions"}],"predecessor-version":[{"id":40175,"href":"https:\/\/marbella-wedding.com\/es\/wp-json\/wp\/v2\/pages\/40126\/revisions\/40175"}],"wp:featuredmedia":[{"embeddable":true,"href":"https:\/\/marbella-wedding.com\/es\/wp-json\/wp\/v2\/media\/40127"}],"wp:attachment":[{"href":"https:\/\/marbella-wedding.com\/es\/wp-json\/wp\/v2\/media?parent=40126"}],"curies":[{"name":"wp","href":"https:\/\/api.w.org\/{rel}","templated":true}]}}