{"id":40137,"date":"2024-06-03T10:03:32","date_gmt":"2024-06-03T08:03:32","guid":{"rendered":"https:\/\/marbella-wedding.com\/?page_id=39981"},"modified":"2025-07-09T14:00:51","modified_gmt":"2025-07-09T12:00:51","slug":"lugares-boda-ronda","status":"publish","type":"page","link":"https:\/\/marbella-wedding.com\/es\/lugares-boda-ronda\/","title":{"rendered":"Lugares de boda en Ronda"},"content":{"rendered":"\n<section data-scroll-section  class=\"py-20 overflow-hidden\">\n    <div class=\"container\">\n        \n\r\n<div class=\"row gy-5 gx-10\" >\r\n    \n\r\n<div class='col-lg-6 d-flex flex-column justify-content-center' >\r\n    \n\n<h1 class=\"wp-block-heading title--large fw-light fst-italic\">Lugares para Casarse en Ronda<\/h1>\n\n\n\n<h4 class=\"wp-block-heading font--body fw-light mb-3\">Bienvenido a Marbella Weddings, tu destino de referencia para bodas de lujo en Ronda.<\/h4>\n\n\n\n<div style=\"height:25px\" aria-hidden=\"true\" class=\"wp-block-spacer\"><\/div>\n\n\n\n<p>Si est\u00e1s buscando el lugar perfecto para celebrar tu boda en Ronda, has llegado al sitio adecuado. Nuestra gu\u00eda completa presenta los sitios m\u00e1s impresionantes, garantizando que tu d\u00eda especial sea inolvidable.<\/p>\n\n\n\n<div style=\"height:25px\" aria-hidden=\"true\" class=\"wp-block-spacer\"><\/div>\n\n\n\n<ul class=\"wp-block-list list-style-circle mb-0\">\n<li><strong>Especialistas en espacios lujosos y exclusivos \u2705<\/strong><\/li>\n\n\n\n<li><strong>Servicios de planificaci\u00f3n de bodas personalizadas y a medida \u2705<\/strong><\/li>\n\n\n\n<li><strong>S\u00f3lida red local con proveedores y colaboradores de primer nivel \u2705<\/strong><\/li>\n<\/ul>\n\n\r\n<\/div>\r\n\n\n\r\n<div class='col' >\r\n    \n\r\n<div class='overflow-hidden' >\r\n    \n\r\n            <img decoding=\"async\" class=\"img-fluid\r\nscale-120\r\nratio-3x4\r\nobject-fit-cover\" data-scroll-speed=\"-1.5\" src=\"https:\/\/marbella-wedding.com\/es\/wp-content\/uploads\/2023\/08\/Destination-wedding-in-Spain-Anantara-Villa-Padierna-Palace-www.marbella-wedding.com8_-2-scaled.jpg\" width=\"1707\" height=\"2560\" data-scroll data-scroll-repeat alt=\"\" title=\"\">\r\n    \n\r\n<\/div>\r\n\n\r\n<\/div>\r\n\n\r\n<\/div>\n\n    <\/div>\n<\/section>\n\n\n\n    <h2>\n            <\/h2>\n\n\n    <h2>\n            <\/h2>\n\n\n\n\n    <h2>\n            <\/h2>\n\n\n\n<section data-scroll-section  class=\"pt-20 overflow-hidden\">\n    <div class=\"container\">\n        \n\r\n<div class=\"row gy-5 gx-10 flex-md-row-reverse\" >\r\n    \n\r\n<div class='col-lg-5 d-flex flex-column justify-content-center' >\r\n    \n\n<h2 class=\"wp-block-heading title--regular-2 fw-light fst-italic mb-3\">Lugares Impresionantes<\/h2>\n\n\n\n<p>Ronda es conocida por sus paisajes de ensue\u00f1o y su patrimonio hist\u00f3rico, lo que la convierte en un destino perfecto para celebrar una boda. Algunos lugares destacados incluyen:<\/p>\n\n\n\n<ul class=\"wp-block-list\">\n<li><strong>Puente Nuevo<\/strong>: El ic\u00f3nico puente con vistas espectaculares, ideal para una sesi\u00f3n de fotos inolvidable.<\/li>\n\n\n\n<li><strong>Alameda del Tajo<\/strong>: Un parque precioso con abundante vegetaci\u00f3n y miradores impresionantes.<\/li>\n\n\n\n<li><strong>La Casa del Rey Moro<\/strong>: Con sus jardines secretos y su valor hist\u00f3rico, este lugar ofrece un escenario \u00fanico y rom\u00e1ntico.<\/li>\n<\/ul>\n\n\r\n<\/div>\r\n\n\n\r\n<div class='col' >\r\n    \n\r\n<div class='overflow-hidden' >\r\n    \n\r\n            <img decoding=\"async\" class=\"img-fluid\r\nscale-120\r\nratio-4x3\r\nobject-fit-cover\" src=\"https:\/\/marbella-wedding.com\/es\/wp-content\/uploads\/2023\/08\/Destination-wedding-in-Spain-Anantara-Villa-Padierna-Palace-www.marbella-wedding.com22-scaled.jpg\" width=\"2560\" height=\"1707\" data-scroll rndata-scroll-repeat .5u0022 alt=\"\" title=\"\">\r\n    \n\r\n<\/div>\r\n\n\r\n<\/div>\r\n\n\r\n<\/div>\n\n    <\/div>\n<\/section>\n\n\n\n    <h2>\n            <\/h2>\n\n\n\n<section data-scroll-section  class=\"mb-11\">\n    <div class=\"container\">\n        \n\n<p><\/p>\n\n\n\n<pre class=\"wp-block-code\"><code><\/code><\/pre>\n\n\n    <\/div>\n<\/section>\n\n\n\n    <h2>\n            <\/h2>\n\n\n\n<section data-scroll-section  class=\"mb-11\">\n    <div class=\"container\">\n        \n\n<p><\/p>\n\n\n\n<pre class=\"wp-block-code\"><code><\/code><\/pre>\n\n\n    <\/div>\n<\/section>","protected":false},"excerpt":{"rendered":"","protected":false},"author":14,"featured_media":40127,"parent":0,"menu_order":0,"comment_status":"closed","ping_status":"closed","template":"landing-venues.php","meta":{"footnotes":""},"class_list":["post-40137","page","type-page","status-publish","has-post-thumbnail","hentry"],"_links":{"self":[{"href":"https:\/\/marbella-wedding.com\/es\/wp-json\/wp\/v2\/pages\/40137","targetHints":{"allow":["GET"]}}],"collection":[{"href":"https:\/\/marbella-wedding.com\/es\/wp-json\/wp\/v2\/pages"}],"about":[{"href":"https:\/\/marbella-wedding.com\/es\/wp-json\/wp\/v2\/types\/page"}],"author":[{"embeddable":true,"href":"https:\/\/marbella-wedding.com\/es\/wp-json\/wp\/v2\/users\/14"}],"replies":[{"embeddable":true,"href":"https:\/\/marbella-wedding.com\/es\/wp-json\/wp\/v2\/comments?post=40137"}],"version-history":[{"count":5,"href":"https:\/\/marbella-wedding.com\/es\/wp-json\/wp\/v2\/pages\/40137\/revisions"}],"predecessor-version":[{"id":40190,"href":"https:\/\/marbella-wedding.com\/es\/wp-json\/wp\/v2\/pages\/40137\/revisions\/40190"}],"wp:featuredmedia":[{"embeddable":true,"href":"https:\/\/marbella-wedding.com\/es\/wp-json\/wp\/v2\/media\/40127"}],"wp:attachment":[{"href":"https:\/\/marbella-wedding.com\/es\/wp-json\/wp\/v2\/media?parent=40137"}],"curies":[{"name":"wp","href":"https:\/\/api.w.org\/{rel}","templated":true}]}}