{"id":40146,"date":"2024-06-03T09:52:48","date_gmt":"2024-06-03T07:52:48","guid":{"rendered":"https:\/\/marbella-wedding.com\/?page_id=39974"},"modified":"2025-07-20T12:52:54","modified_gmt":"2025-07-20T10:52:54","slug":"lugares-boda-benahavis","status":"publish","type":"page","link":"https:\/\/marbella-wedding.com\/es\/lugares-boda-benahavis\/","title":{"rendered":"Lugares de Boda en Benahavis"},"content":{"rendered":"\n<section data-scroll-section  class=\"py-20 overflow-hidden\">\n    <div class=\"container\">\n        \n\r\n<div class=\"row gy-5 gx-10\" >\r\n    \n\r\n<div class='col-lg-6 d-flex flex-column justify-content-center' >\r\n    \n\n<h1 class=\"wp-block-heading title--large fw-light fst-italic\">Lugares para Celebrar una Boda en Benahav\u00eds<\/h1>\n\n\n\n<h4 class=\"wp-block-heading font--body fw-light mb-3\">Si sue\u00f1as con una boda de lujo en un entorno de ensue\u00f1o, Benahav\u00eds, situado en M\u00e1laga, ofrece alguno de los lugares para casarse m\u00e1s encantadores<\/h4>\n\n\n\n<div style=\"height:25px\" aria-hidden=\"true\" class=\"wp-block-spacer\"><\/div>\n\n\n\n<p>En <strong>Marbella Wedding<\/strong> estamos especializados en hacer realidad la boda con la que siempre has so\u00f1ado. Descubre nuestro cat\u00e1logo detallado de espacios para bodas en Benahav\u00eds y encuentra el lugar perfecto para tu gran d\u00eda.<\/p>\n\n\n\n<div style=\"height:25px\" aria-hidden=\"true\" class=\"wp-block-spacer\"><\/div>\n\n\n\n<ul class=\"wp-block-list list-style-circle mb-0\">\n<li><strong>Acceso Exclusivo a Espacios para Bodas de Primer Nivel<\/strong> <strong>\u2705<\/strong><\/li>\n\n\n\n<li><strong>Servicios Personalizados de Planificaci\u00f3n de Bodas \u2705<\/strong><\/li>\n\n\n\n<li><strong>Amplia Experiencia Local y de Red de Contactos \u2705<\/strong><\/li>\n<\/ul>\n\n\r\n<\/div>\r\n\n\n\r\n<div class='col' >\r\n    \n\r\n<div class='overflow-hidden' >\r\n    \n\r\n            <img decoding=\"async\" class=\"img-fluid\r\nscale-120\r\nratio-3x4\r\nobject-fit-cover\" data-scroll-speed=\"-1.5u\" src=\"https:\/\/marbella-wedding.com\/es\/wp-content\/uploads\/2023\/08\/Destination-wedding-in-Spain-Anantara-Villa-Padierna-Palace-www.marbella-wedding.com8_-2-scaled.jpg\" width=\"1707\" height=\"2560\" data-scroll data-scroll-repeat alt=\"\" title=\"\">\r\n    \n\r\n<\/div>\r\n\n\r\n<\/div>\r\n\n\r\n<\/div>\n\n    <\/div>\n<\/section>\n\n\n\n    <h2>\n            <\/h2>\n\n\n    <h2>\n            <\/h2>\n\n\n\n\n    <h2>\n            <\/h2>\n\n\n\n<section data-scroll-section  class=\"pt-20 overflow-hidden\">\n    <div class=\"container\">\n        \n\r\n<div class=\"row gy-5 gx-10 flex-md-row-reverse\" >\r\n    \n\r\n<div class='col-lg-5 d-flex flex-column justify-content-center' >\r\n    \n\n<h2 class=\"wp-block-heading title--regular-2 fw-light fst-italic mb-3\">Lugares Espectaculares<\/h2>\n\n\n\n<p>Benahavis cuenta con una gran variedad de lugares espectaculares que se adaptan a todos los gustos y preferencias. Ya sea que prefieras una ceremonia junto al mar, un entorno r\u00fastico en el campo o un resort de lujo, aqu\u00ed enncontrar\u00e1s la opci\u00f3n perfecta para ti.<\/p>\n\n\n\n<h2 class=\"wp-block-heading\">Resumen de Sitios para Casarse en Benahavis<\/h2>\n\n\n\n<p>Benahavis es una joya escondida en la regi\u00f3n de M\u00e1laga, conocida por su belleza paisaj\u00edstica y sus exclusivos espacios para bodas. El pueblo combina el encanto tradicional andaluz con comodidades modernas, lo que lo convierte en un lugar ideal para celebrar bodas. Los espacios en Benahavis se distinguen por su arquitectura \u00fanica, paisajes espectaculares y servicios de primer nivel, garantizando una experiencia inolvidable para las parejas y sus invitados<\/p>\n\n\r\n<\/div>\r\n\n\n\r\n<div class='col' >\r\n    \n\r\n<div class='overflow-hidden' >\r\n    \n\r\n            <img decoding=\"async\" class=\"img-fluid\r\nscale-120\r\nratio-4x3\r\nobject-fit-cover\" data-scroll-speed=\"-1.5\" src=\"https:\/\/marbella-wedding.com\/es\/wp-content\/uploads\/2023\/08\/Destination-wedding-in-Spain-Anantara-Villa-Padierna-Palace-www.marbella-wedding.com22-scaled.jpg\" width=\"2560\" height=\"1707\" data-scroll data-scroll-repeat alt=\"\" title=\"\">\r\n    \n\r\n<\/div>\r\n\n\r\n<\/div>\r\n\n\r\n<\/div>\n\n    <\/div>\n<\/section>\n\n\n\n    <h2>\n        venues-text    <\/h2>\n\n\n\n\n    <h2>\n        about-contact    <\/h2>\n","protected":false},"excerpt":{"rendered":"","protected":false},"author":4180,"featured_media":40127,"parent":0,"menu_order":0,"comment_status":"closed","ping_status":"closed","template":"landing-venues.php","meta":{"footnotes":""},"class_list":["post-40146","page","type-page","status-publish","has-post-thumbnail","hentry"],"_links":{"self":[{"href":"https:\/\/marbella-wedding.com\/es\/wp-json\/wp\/v2\/pages\/40146","targetHints":{"allow":["GET"]}}],"collection":[{"href":"https:\/\/marbella-wedding.com\/es\/wp-json\/wp\/v2\/pages"}],"about":[{"href":"https:\/\/marbella-wedding.com\/es\/wp-json\/wp\/v2\/types\/page"}],"author":[{"embeddable":true,"href":"https:\/\/marbella-wedding.com\/es\/wp-json\/wp\/v2\/users\/4180"}],"replies":[{"embeddable":true,"href":"https:\/\/marbella-wedding.com\/es\/wp-json\/wp\/v2\/comments?post=40146"}],"version-history":[{"count":9,"href":"https:\/\/marbella-wedding.com\/es\/wp-json\/wp\/v2\/pages\/40146\/revisions"}],"predecessor-version":[{"id":40188,"href":"https:\/\/marbella-wedding.com\/es\/wp-json\/wp\/v2\/pages\/40146\/revisions\/40188"}],"wp:featuredmedia":[{"embeddable":true,"href":"https:\/\/marbella-wedding.com\/es\/wp-json\/wp\/v2\/media\/40127"}],"wp:attachment":[{"href":"https:\/\/marbella-wedding.com\/es\/wp-json\/wp\/v2\/media?parent=40146"}],"curies":[{"name":"wp","href":"https:\/\/api.w.org\/{rel}","templated":true}]}}