{"id":40152,"date":"2024-05-28T09:31:10","date_gmt":"2024-05-28T07:31:10","guid":{"rendered":"https:\/\/marbella-wedding.com\/?page_id=39952"},"modified":"2025-07-09T13:51:05","modified_gmt":"2025-07-09T11:51:05","slug":"lugares-boda-estepona","status":"publish","type":"page","link":"https:\/\/marbella-wedding.com\/es\/lugares-boda-estepona\/","title":{"rendered":"Lugares de boda en Estepona"},"content":{"rendered":"\n<section data-scroll-section  class=\"py-20 overflow-hidden\">\n    <div class=\"container\">\n        \n\r\n<div class=\"row gy-5 gx-10\" >\r\n    \n\r\n<div class='col-lg-6 d-flex flex-column justify-content-center' >\r\n    \n\n<h1 class=\"wp-block-heading title--large fw-light fst-italic\">Lugares para Celebrar una Boda en Estepona<\/h1>\n\n\n\n<h4 class=\"wp-block-heading font--body fw-light mb-3\">\u00bfSue\u00f1as con una boda de lujo en Estepona? No busques m\u00e1s: Marbella Wedding es tu mejor opci\u00f3n.<\/h4>\n\n\n\n<div style=\"height:25px\" aria-hidden=\"true\" class=\"wp-block-spacer\"><\/div>\n\n\n\n<p>Estamos especializados en organizar bodas impresionantes en algunos de los lugares m\u00e1s espectaculares de Estepona.<\/p>\n\n\n\n<p>Estamos especializados en organizar bodas impresionantes en algunos de los lugares m\u00e1s espectaculares de Estepona.<\/p>\n\n\n\n<div style=\"height:25px\" aria-hidden=\"true\" class=\"wp-block-spacer\"><\/div>\n\n\n\n<ul class=\"wp-block-list list-style-circle mb-0\">\n<li><strong>Experiencia y profesionalidad \u2705<\/strong><\/li>\n\n\n\n<li><strong>Acceso a espacios de boda exclusivos \u2705<\/strong><\/li>\n\n\n\n<li><strong>Planes de boda personalizados \u2705<\/strong><\/li>\n<\/ul>\n\n\r\n<\/div>\r\n\n\n\r\n<div class='col' >\r\n    \n\r\n<div class='overflow-hidden' >\r\n    \n\r\n            <img decoding=\"async\" class=\"img-fluid\r\nscale-120\r\nratio-3x4\r\nobject-fit-cover\" src=\"https:\/\/marbella-wedding.com\/es\/wp-content\/uploads\/2023\/08\/Destination-wedding-in-Spain-Anantara-Villa-Padierna-Palace-www.marbella-wedding.com8_-2-scaled.jpg\" width=\"1707\" height=\"2560\" data-scroll rndata-scroll-repeat .5u0022 alt=\"\" title=\"\">\r\n    \n\r\n<\/div>\r\n\n\r\n<\/div>\r\n\n\r\n<\/div>\n\n    <\/div>\n<\/section>\n\n\n\n    <h2>\n            <\/h2>\n\n\n    <h2>\n            <\/h2>\n\n\n\n\n    <h2>\n            <\/h2>\n\n\n\n<section data-scroll-section  class=\"pt-20 overflow-hidden\">\n    <div class=\"container\">\n        \n\r\n<div class=\"row gy-5 gx-10 flex-md-row-reverse\" >\r\n    \n\r\n<div class='col-lg-5 d-flex flex-column justify-content-center' >\r\n    \n\n<h2 class=\"wp-block-heading title--regular-2 fw-light fst-italic mb-3\">Localizaciones Impresionantes<\/h2>\n\n\n\n<p>Estepona alberga una gran variedad de lugares espectaculares para bodas, cada uno con un encanto y una belleza \u00fanicos. Ya sea que prefieras una ceremonia junto al mar, un espacio con historia o un resort de lujo, Estepona lo tiene todo.<\/p>\n\n\n\n<h3 class=\"wp-block-heading\">Encanto junto al mar<\/h3>\n\n\n\n<p>Imagina intercambiar tus votos con el suave sonido de las olas de fondo. Las playas de Estepona ofrecen un escenario pintoresco para una boda rom\u00e1ntica.<\/p>\n\n\n\n<h3 class=\"wp-block-heading\">Encanto hist\u00f3rico<\/h3>\n\n\n\n<p>El casco antiguo de Estepona cuenta con calles con encanto, plazas acogedoras e iglesias hist\u00f3ricas que brindan un entorno \u00fanico e inolvidable para tu boda.<\/p>\n\n\n\n<h3 class=\"wp-block-heading\">Resorts de lujo<\/h3>\n\n\n\n<p>Para quienes buscan exclusividad, Estepona presume de varios resorts de alto nivel que ofrecen servicios de clase mundial, vistas impresionantes y una atenci\u00f3n excepcional.<\/p>\n\n\r\n<\/div>\r\n\n\n\r\n<div class='col' >\r\n    \n\r\n<div class='overflow-hidden' >\r\n    \n\r\n            <img decoding=\"async\" class=\"img-fluid\r\nscale-120\r\nratio-4x3\r\nobject-fit-cover\" data-scroll-speed=\"-1.5\" src=\"https:\/\/marbella-wedding.com\/es\/wp-content\/uploads\/2023\/08\/Destination-wedding-in-Spain-Anantara-Villa-Padierna-Palace-www.marbella-wedding.com22-scaled.jpg\" width=\"2560\" height=\"1707\" data-scroll data-scroll-repeat alt=\"\" title=\"\">\r\n    \n\r\n<\/div>\r\n\n\r\n<\/div>\r\n\n\r\n<\/div>\n\n    <\/div>\n<\/section>\n\n\n\n    <h2>\n            <\/h2>\n\n\n\n<section data-scroll-section  class=\"mb-11\">\n    <div class=\"container\">\n        \n\n<p><\/p>\n\n\n\n<pre class=\"wp-block-code\"><code><\/code><\/pre>\n\n\n    <\/div>\n<\/section>\n\n\n\n    <h2>\n            <\/h2>\n\n\n\n<section data-scroll-section  class=\"mb-11\">\n    <div class=\"container\">\n        \n\n<p><\/p>\n\n\n\n<pre class=\"wp-block-code\"><code><\/code><\/pre>\n\n\n    <\/div>\n<\/section>","protected":false},"excerpt":{"rendered":"","protected":false},"author":4180,"featured_media":40127,"parent":0,"menu_order":0,"comment_status":"closed","ping_status":"closed","template":"landing-venues.php","meta":{"footnotes":""},"class_list":["post-40152","page","type-page","status-publish","has-post-thumbnail","hentry"],"_links":{"self":[{"href":"https:\/\/marbella-wedding.com\/es\/wp-json\/wp\/v2\/pages\/40152","targetHints":{"allow":["GET"]}}],"collection":[{"href":"https:\/\/marbella-wedding.com\/es\/wp-json\/wp\/v2\/pages"}],"about":[{"href":"https:\/\/marbella-wedding.com\/es\/wp-json\/wp\/v2\/types\/page"}],"author":[{"embeddable":true,"href":"https:\/\/marbella-wedding.com\/es\/wp-json\/wp\/v2\/users\/4180"}],"replies":[{"embeddable":true,"href":"https:\/\/marbella-wedding.com\/es\/wp-json\/wp\/v2\/comments?post=40152"}],"version-history":[{"count":5,"href":"https:\/\/marbella-wedding.com\/es\/wp-json\/wp\/v2\/pages\/40152\/revisions"}],"predecessor-version":[{"id":40181,"href":"https:\/\/marbella-wedding.com\/es\/wp-json\/wp\/v2\/pages\/40152\/revisions\/40181"}],"wp:featuredmedia":[{"embeddable":true,"href":"https:\/\/marbella-wedding.com\/es\/wp-json\/wp\/v2\/media\/40127"}],"wp:attachment":[{"href":"https:\/\/marbella-wedding.com\/es\/wp-json\/wp\/v2\/media?parent=40152"}],"curies":[{"name":"wp","href":"https:\/\/api.w.org\/{rel}","templated":true}]}}