{"id":40158,"date":"2024-05-13T12:16:27","date_gmt":"2024-05-13T10:16:27","guid":{"rendered":"https:\/\/marbella-wedding.com\/?page_id=39840"},"modified":"2025-07-09T13:57:57","modified_gmt":"2025-07-09T11:57:57","slug":"lugares-boda-malaga","status":"publish","type":"page","link":"https:\/\/marbella-wedding.com\/es\/lugares-boda-malaga\/","title":{"rendered":"Lugares de boda en Malaga"},"content":{"rendered":"\n<section data-scroll-section  class=\"py-20 overflow-hidden\">\n    <div class=\"container\">\n        \n\r\n<div class=\"row gy-5 gx-10\" >\r\n    \n\r\n<div class='col-lg-6 d-flex flex-column justify-content-center' >\r\n    \n\n<h1 class=\"wp-block-heading title--large fw-light fst-italic\">Lugares para Celebrar Bodas en M\u00e1laga<\/h1>\n\n\n\n<h4 class=\"wp-block-heading font--body fw-light mb-3\">Descubre la magia: celebra la boda de tus sue\u00f1os en los sitios m\u00e1s lujosos de M\u00e1laga<\/h4>\n\n\n\n<div style=\"height:25px\" aria-hidden=\"true\" class=\"wp-block-spacer\"><\/div>\n\n\n\n<p class=\"mw-500\">Bienvenido a <em>Marbella Wedding<\/em>, expertos en la organizaci\u00f3n de bodas de lujo en la impresionante regi\u00f3n de M\u00e1laga<\/p>\n\n\n\n<p class=\"mw-500\">Con nuestra amplia experiencia y una verdadera pasi\u00f3n or crear celebraciones inolvidables, ofrecemos acceso exclusivo a los espacios para bodas m\u00e1s codiciados de M\u00e1laga.<\/p>\n\n\n\n<div style=\"height:25px\" aria-hidden=\"true\" class=\"wp-block-spacer\"><\/div>\n\n\n\n<ul class=\"wp-block-list list-style-circle mb-0\">\n<li><strong>Experiencia y Profesionalidad \u2705<\/strong><\/li>\n\n\n\n<li><strong>Acceso Exclusivo a Lugares de Celebraci\u00f3n de Bodas<\/strong> <strong>\u2705<\/strong><\/li>\n\n\n\n<li><strong>Servicios de Planificaci\u00f3n Personalizados <strong>\u2705<\/strong><\/strong><\/li>\n<\/ul>\n\n\r\n<\/div>\r\n\n\n\r\n<div class='col' >\r\n    \n\r\n<div class='overflow-hidden' >\r\n    \n\r\n            <img decoding=\"async\" class=\"img-fluid\r\nscale-120\r\nratio-3x4\r\nobject-fit-cover\" data-scroll-speed=\"-1.5\" src=\"https:\/\/marbella-wedding.com\/es\/wp-content\/uploads\/2023\/08\/Destination-wedding-in-Spain-Anantara-Villa-Padierna-Palace-www.marbella-wedding.com8_-2-scaled.jpg\" width=\"1707\" height=\"2560\" data-scroll data-scroll-repeat alt=\"\" title=\"\">\r\n    \n\r\n<\/div>\r\n\n\r\n<\/div>\r\n\n\r\n<\/div>\n\n    <\/div>\n<\/section>\n\n\n\n    <h2>\n            <\/h2>\n\n\n    <h2>\n            <\/h2>\n\n\n\n\n    <h2>\n            <\/h2>\n\n\n\n<section data-scroll-section  class=\"pt-20 overflow-hidden\">\n    <div class=\"container\">\n        \n\r\n<div class=\"row gy-5 gx-10 flex-md-row-reverse\" >\r\n    \n\r\n<div class='col-lg-5 d-flex flex-column justify-content-center' >\r\n    \n\n<h4 class=\"wp-block-heading title--regular-2 fw-light fst-italic mb-3\">Resumen de Espacios para Bodas en Destino<\/h4>\n\n\n\n<p>Los espacios para bodas en Malaga se caracterizan por su versatilidad, ofreciendo opciones de todo tipo de celebraciones, desde reuniones \u00edntimas hasta galas grandiosas. Cada lugar ha sido seleccionado cuidadosamente por su:<\/p>\n\n\n\n<ul class=\"wp-block-list\">\n<li><strong>Accesibilidad<\/strong>: De f\u00e1cil acceso para invitados locales e internacionales.<\/li>\n\n\n\n<li><strong>Alojamiento<\/strong>: Opciones lujosas tanto para vosotros como para vuestros invitados.<\/li>\n\n\n\n<li><strong>Personalizaci\u00f3n<\/strong>: Libertad para adaptar el espacio y la decoraci\u00f3n a vuestro gusto.<\/li>\n<\/ul>\n\n\n\n<p>Nuestro equipo de <em>Marbella Weddings<\/em> est\u00e1 dedicado a ayudarte a elegir el lugar perfecto que se ajuste a tu visi\u00f3n y necesidades<\/p>\n\n\r\n<\/div>\r\n\n\n\r\n<div class='col' >\r\n    \n\r\n<div class='overflow-hidden' >\r\n    \n\r\n            <img decoding=\"async\" class=\"img-fluid\r\nscale-120\r\nratio-4x3\r\nobject-fit-cover\" data-scroll-speed=\"-1.5\" src=\"https:\/\/marbella-wedding.com\/es\/wp-content\/uploads\/2023\/08\/Destination-wedding-in-Spain-Anantara-Villa-Padierna-Palace-www.marbella-wedding.com22-scaled.jpg\" width=\"2560\" height=\"1707\" data-scroll data-scroll-repeat alt=\"\" title=\"\">\r\n    \n\r\n<\/div>\r\n\n\r\n<\/div>\r\n\n\r\n<\/div>\n\n    <\/div>\n<\/section>\n\n\n\n    <h2>\n            <\/h2>\n\n\n\n<section data-scroll-section  class=\"mb-11\">\n    <div class=\"container\">\n        \n\n<p><\/p>\n\n\n\n<pre class=\"wp-block-code\"><code><\/code><\/pre>\n\n\n    <\/div>\n<\/section>\n\n\n\n    <h2>\n            <\/h2>\n\n\n\n<section data-scroll-section  class=\"mb-11\">\n    <div class=\"container\">\n        \n\n<p><\/p>\n\n\n\n<pre class=\"wp-block-code\"><code><\/code><\/pre>\n\n\n    <\/div>\n<\/section>","protected":false},"excerpt":{"rendered":"","protected":false},"author":4180,"featured_media":40127,"parent":0,"menu_order":0,"comment_status":"closed","ping_status":"closed","template":"landing-venues.php","meta":{"footnotes":""},"class_list":["post-40158","page","type-page","status-publish","has-post-thumbnail","hentry"],"_links":{"self":[{"href":"https:\/\/marbella-wedding.com\/es\/wp-json\/wp\/v2\/pages\/40158","targetHints":{"allow":["GET"]}}],"collection":[{"href":"https:\/\/marbella-wedding.com\/es\/wp-json\/wp\/v2\/pages"}],"about":[{"href":"https:\/\/marbella-wedding.com\/es\/wp-json\/wp\/v2\/types\/page"}],"author":[{"embeddable":true,"href":"https:\/\/marbella-wedding.com\/es\/wp-json\/wp\/v2\/users\/4180"}],"replies":[{"embeddable":true,"href":"https:\/\/marbella-wedding.com\/es\/wp-json\/wp\/v2\/comments?post=40158"}],"version-history":[{"count":2,"href":"https:\/\/marbella-wedding.com\/es\/wp-json\/wp\/v2\/pages\/40158\/revisions"}],"predecessor-version":[{"id":40161,"href":"https:\/\/marbella-wedding.com\/es\/wp-json\/wp\/v2\/pages\/40158\/revisions\/40161"}],"wp:featuredmedia":[{"embeddable":true,"href":"https:\/\/marbella-wedding.com\/es\/wp-json\/wp\/v2\/media\/40127"}],"wp:attachment":[{"href":"https:\/\/marbella-wedding.com\/es\/wp-json\/wp\/v2\/media?parent=40158"}],"curies":[{"name":"wp","href":"https:\/\/api.w.org\/{rel}","templated":true}]}}